{"id":569,"date":"2019-11-18T11:38:53","date_gmt":"2019-11-18T11:38:53","guid":{"rendered":"https:\/\/banquet.qodeinteractive.com\/?page_id=569"},"modified":"2023-07-27T17:28:38","modified_gmt":"2023-07-27T15:28:38","slug":"theytalkaboutus","status":"publish","type":"page","link":"https:\/\/idevent.be\/1\/theytalkaboutus\/","title":{"rendered":"They talk about us"},"content":{"rendered":"<section class=\"wpb-content-wrapper\"><p>[vc_row row_content_width=\u00a0\u00bbgrid\u00a0\u00bb css=\u00a0\u00bb.vc_custom_1576764381145{padding-top: 23px !important;padding-bottom: 141px !important;}\u00a0\u00bb][vc_column][vc_column_text]<\/p>\n<h3 style=\"text-align: center;\">They talk about us<\/h3>\n<h3><\/h3>\n<p>[\/vc_column_text]<div class=\"qodef-shortcode qodef-m  qodef-testimonials-list  qodef-grid qodef-swiper-container  qodef-gutter--normal qodef-col-num--1 qodef-item-layout--info-below qodef-responsive--predefined\" data-options=\"{&quot;slidesPerView&quot;:&quot;1&quot;,&quot;spaceBetween&quot;:15,&quot;loop&quot;:true,&quot;autoplay&quot;:true,&quot;speed&quot;:&quot;&quot;,&quot;speedAnimation&quot;:&quot;&quot;,&quot;outsideNavigation&quot;:&quot;yes&quot;,&quot;unique&quot;:6016}\">\n\t<div class=\"swiper-wrapper\">\n\t\t<div class=\"qodef-e swiper-slide\">\n\t<div class=\"qodef-e-inner\">\n\t\t\t\t<div class=\"qodef-e-content\">\n\t\t\t\t\t\t\t<p class=\"qodef-e-author-name\">\n\t\tParis Match\t<\/p>\n\t\t\t\t<h3 itemprop=\"description\" class=\"qodef-e-text\">\n\t\tID-Event a une nouvelle miser juste en imaginant un lieu magique au milieu du bois de La Hulpe. L&#039;\u00e9t\u00e9 dernier, c&#039;est d\u00e9j\u00e0 eux qui avaient \u00e9t\u00e9 \u00e0 l&#039;origine du restaurant \u00e9ph\u00e9m\u00e8re Greenhouse situ\u00e9 \u00e0 Rhode-Saint-Gen\u00e8se. Des petites serres install\u00e9es le long d&#039;un lac dans lesquelles chaque bulle de personnes peuvent d\u00e9guster un repas gastronomique. Aujourd&#039;hui, c&#039;est \u00e0 deux pas du ch\u00e2teau de La Hulpe que ID-Event a, toujours dans une logique \u00e9co-responsable, install\u00e9 un nouveau lieu f\u00e9\u00e9rique: KBANE.\t<\/h3>\n\t\t\t\t<p class=\"qodef-e-author-job\">\n\t\t Par Marie Demaret\t<\/p>\n\t\t<\/div>\n\t<\/div>\n<\/div><div class=\"qodef-e swiper-slide\">\n\t<div class=\"qodef-e-inner\">\n\t\t\t\t<div class=\"qodef-e-content\">\n\t\t\t\t\t\t\t<p class=\"qodef-e-author-name\">\n\t\tL&#039;Avenir\t<\/p>\n\t\t\t\t<h3 itemprop=\"description\" class=\"qodef-e-text\">\n\t\t\u00c0 l\u2019occasion de ses 60 ans, l\u2019Ordre des architectes propose une exposition itin\u00e9rante et immersive en Wallonie et \u00e0 Bruxelles. Namur est la premi\u00e8re \u00e9tape, sur la place Maurice Servais.\t<\/h3>\n\t\t\t\t<p class=\"qodef-e-author-job\">\n\t\tPar Florent Marot\t<\/p>\n\t\t<\/div>\n\t<\/div>\n<\/div><div class=\"qodef-e swiper-slide\">\n\t<div class=\"qodef-e-inner\">\n\t\t\t\t<div class=\"qodef-e-content\">\n\t\t\t\t\t\t\t<p class=\"qodef-e-author-name\">\n\t\tSoSoir\t<\/p>\n\t\t\t\t<h3 itemprop=\"description\" class=\"qodef-e-text\">\n\t\tMallory Gabsi et GreenHouses : la collaboration gastronomique de l\u2019\u00e9t\u00e9 Cuisiner des plats gastronomiques, chez lui au bord d\u2019un \u00e9tang, Mallory Gabsi, n\u2019en finit plus de nous surprendre. Il nous annonce une collaboration avec le restaurant GreenHouses \u00e0 Rhodes-Saint-Gen\u00e8se. Un Top Chef de talent, un cadre sublime, on tr\u00e9pigne!\t<\/h3>\n\t\t\t\t<p class=\"qodef-e-author-job\">\n\t\tPAR PERRINE DOR \t<\/p>\n\t\t<\/div>\n\t<\/div>\n<\/div>\t<\/div>\n\t\t\t<div class=\"swiper-pagination\"><\/div>\n\t<\/div>\n[\/vc_column][\/vc_row][vc_row row_content_width=\u00a0\u00bbgrid\u00a0\u00bb css=\u00a0\u00bb.vc_custom_1576675773170{padding-bottom: 66px !important;}\u00a0\u00bb][vc_column]<div class=\"qodef-shortcode qodef-m  qodef-image-gallery  qodef-grid qodef-layout--columns  qodef-gutter--tiny qodef-col-num--4  qodef-responsive--predefined\">\n    <div class=\"qodef-grid-inner clear\">\n\t\t<div class=\"qodef-e qodef-image-wrapper qodef-grid-item\">\n\t\t\t<a itemprop=\"url\" href=\"https:\/\/idevent.be\/1\/wp-content\/uploads\/2023\/06\/Capture-decran-2023-06-16-a-09.34.11.png\" target=\"_blank\">\n\t\t\t<img loading=\"lazy\" decoding=\"async\" width=\"1516\" height=\"1114\" src=\"https:\/\/idevent.be\/1\/wp-content\/uploads\/2023\/06\/Capture-decran-2023-06-16-a-09.34.11.png\" class=\"attachment-full size-full\" alt=\"\" srcset=\"https:\/\/idevent.be\/1\/wp-content\/uploads\/2023\/06\/Capture-decran-2023-06-16-a-09.34.11.png 1516w, https:\/\/idevent.be\/1\/wp-content\/uploads\/2023\/06\/Capture-decran-2023-06-16-a-09.34.11-300x220.png 300w, https:\/\/idevent.be\/1\/wp-content\/uploads\/2023\/06\/Capture-decran-2023-06-16-a-09.34.11-1024x752.png 1024w, https:\/\/idevent.be\/1\/wp-content\/uploads\/2023\/06\/Capture-decran-2023-06-16-a-09.34.11-768x564.png 768w, https:\/\/idevent.be\/1\/wp-content\/uploads\/2023\/06\/Capture-decran-2023-06-16-a-09.34.11-600x441.png 600w\" sizes=\"auto, (max-width: 1516px) 100vw, 1516px\" \/>\t\t\t<\/a>\n\t<\/div><div class=\"qodef-e qodef-image-wrapper qodef-grid-item\">\n\t\t\t<a itemprop=\"url\" href=\"https:\/\/idevent.be\/1\/wp-content\/uploads\/2023\/06\/Capture-decran-2023-06-16-a-09.37.26.png\" target=\"_blank\">\n\t\t\t<img loading=\"lazy\" decoding=\"async\" width=\"744\" height=\"774\" src=\"https:\/\/idevent.be\/1\/wp-content\/uploads\/2023\/06\/Capture-decran-2023-06-16-a-09.37.26.png\" class=\"attachment-full size-full\" alt=\"\" srcset=\"https:\/\/idevent.be\/1\/wp-content\/uploads\/2023\/06\/Capture-decran-2023-06-16-a-09.37.26.png 744w, https:\/\/idevent.be\/1\/wp-content\/uploads\/2023\/06\/Capture-decran-2023-06-16-a-09.37.26-288x300.png 288w, https:\/\/idevent.be\/1\/wp-content\/uploads\/2023\/06\/Capture-decran-2023-06-16-a-09.37.26-600x624.png 600w\" sizes=\"auto, (max-width: 744px) 100vw, 744px\" \/>\t\t\t<\/a>\n\t<\/div><div class=\"qodef-e qodef-image-wrapper qodef-grid-item\">\n\t\t\t<a itemprop=\"url\" href=\"https:\/\/idevent.be\/1\/wp-content\/uploads\/2023\/06\/Capture-decran-2023-06-16-a-09.39.35.png\" target=\"_blank\">\n\t\t\t<img loading=\"lazy\" decoding=\"async\" width=\"750\" height=\"896\" src=\"https:\/\/idevent.be\/1\/wp-content\/uploads\/2023\/06\/Capture-decran-2023-06-16-a-09.39.35.png\" class=\"attachment-full size-full\" alt=\"\" srcset=\"https:\/\/idevent.be\/1\/wp-content\/uploads\/2023\/06\/Capture-decran-2023-06-16-a-09.39.35.png 750w, https:\/\/idevent.be\/1\/wp-content\/uploads\/2023\/06\/Capture-decran-2023-06-16-a-09.39.35-251x300.png 251w, https:\/\/idevent.be\/1\/wp-content\/uploads\/2023\/06\/Capture-decran-2023-06-16-a-09.39.35-600x717.png 600w\" sizes=\"auto, (max-width: 750px) 100vw, 750px\" \/>\t\t\t<\/a>\n\t<\/div><div class=\"qodef-e qodef-image-wrapper qodef-grid-item\">\n\t\t\t<a itemprop=\"url\" href=\"https:\/\/idevent.be\/1\/wp-content\/uploads\/2023\/06\/Capture-decran-2023-06-16-a-09.40.59.png\" target=\"_blank\">\n\t\t\t<img loading=\"lazy\" decoding=\"async\" width=\"780\" height=\"1012\" src=\"https:\/\/idevent.be\/1\/wp-content\/uploads\/2023\/06\/Capture-decran-2023-06-16-a-09.40.59.png\" class=\"attachment-full size-full\" alt=\"\" srcset=\"https:\/\/idevent.be\/1\/wp-content\/uploads\/2023\/06\/Capture-decran-2023-06-16-a-09.40.59.png 780w, https:\/\/idevent.be\/1\/wp-content\/uploads\/2023\/06\/Capture-decran-2023-06-16-a-09.40.59-231x300.png 231w, https:\/\/idevent.be\/1\/wp-content\/uploads\/2023\/06\/Capture-decran-2023-06-16-a-09.40.59-768x996.png 768w, https:\/\/idevent.be\/1\/wp-content\/uploads\/2023\/06\/Capture-decran-2023-06-16-a-09.40.59-600x778.png 600w\" sizes=\"auto, (max-width: 780px) 100vw, 780px\" \/>\t\t\t<\/a>\n\t<\/div>    <\/div>\n<\/div>[\/vc_column][\/vc_row][vc_row][vc_column][\/vc_column][\/vc_row]<\/p>\n<\/section>","protected":false},"excerpt":{"rendered":"<p>[vc_row row_content_width=\u00a0\u00bbgrid\u00a0\u00bb css=\u00a0\u00bb.vc_custom_1576764381145{padding-top: 23px !important;padding-bottom: 141px !important;}\u00a0\u00bb][vc_column][vc_column_text] They talk about us [\/vc_column_text][\/vc_column][\/vc_row][vc_row row_content_width=\u00a0\u00bbgrid\u00a0\u00bb css=\u00a0\u00bb.vc_custom_1576675773170{padding-bottom: 66px !important;}\u00a0\u00bb][vc_column][\/vc_column][\/vc_row][vc_row][vc_column][\/vc_column][\/vc_row]<\/p>\n","protected":false},"author":1,"featured_media":0,"parent":0,"menu_order":0,"comment_status":"closed","ping_status":"closed","template":"page-full-width.php","meta":{"footnotes":""},"class_list":["post-569","page","type-page","status-publish","hentry"],"_links":{"self":[{"href":"https:\/\/idevent.be\/1\/wp-json\/wp\/v2\/pages\/569","targetHints":{"allow":["GET"]}}],"collection":[{"href":"https:\/\/idevent.be\/1\/wp-json\/wp\/v2\/pages"}],"about":[{"href":"https:\/\/idevent.be\/1\/wp-json\/wp\/v2\/types\/page"}],"author":[{"embeddable":true,"href":"https:\/\/idevent.be\/1\/wp-json\/wp\/v2\/users\/1"}],"replies":[{"embeddable":true,"href":"https:\/\/idevent.be\/1\/wp-json\/wp\/v2\/comments?post=569"}],"version-history":[{"count":9,"href":"https:\/\/idevent.be\/1\/wp-json\/wp\/v2\/pages\/569\/revisions"}],"predecessor-version":[{"id":2902,"href":"https:\/\/idevent.be\/1\/wp-json\/wp\/v2\/pages\/569\/revisions\/2902"}],"wp:attachment":[{"href":"https:\/\/idevent.be\/1\/wp-json\/wp\/v2\/media?parent=569"}],"curies":[{"name":"wp","href":"https:\/\/api.w.org\/{rel}","templated":true}]}}